{"id":35818,"date":"2022-05-03T12:02:26","date_gmt":"2022-05-03T05:02:26","guid":{"rendered":"https:\/\/www.mude-sports.com\/?post_type=product&#038;p=35818"},"modified":"2024-01-18T14:06:48","modified_gmt":"2024-01-18T07:06:48","slug":"bang-ong-tay-the-thao-kona-edition-upf-100","status":"publish","type":"product","link":"https:\/\/www.mude-sports.com\/vi\/shop\/bang-ong-tay-the-thao-kona-edition-upf-100\/","title":{"rendered":"B\u0103ng \u1ed1ng tay th\u1ec3 thao Kona Edition UPF +100"},"content":{"rendered":"<p>B\u0103ng \u1ed1ng tay si\u00eau nh\u1eb9, k\u1ef9 thu\u1eadt v\u00e0 \u00f4m kh\u00edt c\u1ee7a ch\u00fang t\u00f4i c\u00f3 th\u1ec3 che ph\u1ee7 c\u1ea3 chi\u1ec1u d\u00e0i c\u00e1nh tay t\u1eeb b\u1eafp tay xu\u1ed1ng \u0111\u1ebfn c\u1ed5 tay. \u0110\u01b0\u1ee3c s\u1ea3n xu\u1ea5t t\u1eeb ch\u1ea5t li\u1ec7u Skin spandex, b\u0103ng \u1ed1ng tay \u0111\u01b0\u1ee3c thi\u1ebft k\u1ebf cho c\u00e1c v\u1eadn \u0111\u1ed9ng vi\u00ean t\u1eadp luy\u1ec7n c\u01b0\u1eddng \u0111\u1ed9 cao \u0111\u1ec3 b\u1ea3o v\u1ec7 h\u1ecd kh\u1ecfi tia UV. \u0110\u01b0\u1eddng may ph\u1eb3ng s\u1ebd gi\u00fap tr\u00e1nh \u0111\u01b0\u1ee3c c\u00e1c tr\u1ea7y x\u01b0\u1edbc c\u00f3 th\u1ec3 g\u00e2y ra. Th\u00edch h\u1ee3p khi m\u1eb7c \u00e1o thun tay ng\u1eafn ho\u1eb7c kh\u00f4ng tay.<\/p>\n<p>C\u00f4ng ngh\u1ec7 in chuy\u1ec3n nhi\u1ec7t \u0111\u1ea3m b\u1ea3o m\u00e0u s\u1eafc kh\u00f4ng b\u1ecb phai m\u1edd theo th\u1eddi gian. M\u1ef1c in th\u00e2n thi\u1ec7n v\u1edbi m\u00f4i tr\u01b0\u1eddng \u0111\u01b0\u1ee3c s\u1eed d\u1ee5ng trong su\u1ed1t qu\u00e1 tr\u00ecnh s\u1ea3n xu\u1ea5t. V\u1ea3i \u0111\u01b0\u1ee3c x\u1eed l\u00fd b\u1eb1ng h\u1ea1t nano b\u1ea1c kh\u00e1ng khu\u1ea9n \u0111\u1ec3 l\u00e0m gi\u1ea3m s\u1ef1 ph\u00e1t tri\u1ec3n c\u1ee7a vi khu\u1ea9n b\u00ean trong.<\/p>\n<p><strong>S\u1eed d\u1ee5ng:<\/strong><\/p>\n<ul>\n<li>Ch\u1ea1y b\u1ed9<\/li>\n<li>Ch\u1ea1y trail<\/li>\n<li>T\u1eadp luy\u1ec7n<\/li>\n<li>B\u1ed9 m\u00f4n ch\u1ea1y \u0111i\u1ec1n kinh trong s\u00e2n<\/li>\n<li>Th\u1ec3 h\u00ecnh<\/li>\n<li>\u0110\u1ea1p xe<\/li>\n<\/ul>\n<p><strong>T\u00ednh n\u0103ng:<\/strong><\/p>\n<ul>\n<li>Skin: 90% polyester, 10% spandex<\/li>\n<li>Ch\u1ea5t li\u1ec7u si\u00eau nh\u1eb9<\/li>\n<li>C\u00f4ng ngh\u1ec7 Dry-Cool l\u00e0m m\u00e1t, tho\u00e1ng kh\u00ed<\/li>\n<li>Kh\u00e1ng khu\u1ea9n<\/li>\n<li>\u0110\u01b0\u1eddng may ph\u1eb3ng<\/li>\n<li>C\u00f4ng ngh\u1ec7 in chuy\u1ec3n nhi\u1ec7t<\/li>\n<\/ul>\n","protected":false},"excerpt":{"rendered":"<p>S\u1ea3n ph\u1ea9m \u0111\u00e3 \u0111\u01b0\u1ee3c ch\u1ee9ng nghi\u1ec7m b\u1edfi nh\u00e0 v\u00f4 \u0111\u1ecbch Vi\u1ec7t Nam \u0111\u1ea7u ti\u00ean l\u1ecdt v\u00e0o chung k\u1ebft IRONMAN Th\u1ebf Gi\u1edbi 2022 t\u1ea1i Kona.<br \/>\nB\u0103ng \u1ed1ng tay th\u1ec3 thao si\u00eau nh\u1eb9 s\u1ebd b\u1ea3o v\u1ec7 l\u00e0n da b\u1ea1n kh\u1ecfi nh\u1eefng tia UV \u0111\u1ed9c h\u1ea1i. Th\u00edch h\u1ee3p trong t\u1eadp luy\u1ec7n v\u00e0 thi \u0111\u1ea5u.<\/p>\n","protected":false},"featured_media":35841,"template":"","meta":[],"product_brand":[],"product_cat":[90],"product_tag":[852],"class_list":{"0":"post-35818","1":"product","2":"type-product","3":"status-publish","4":"has-post-thumbnail","6":"product_cat-chay-bo","7":"product_tag-discontinued","9":"first","10":"outofstock","11":"taxable","12":"shipping-taxable","13":"product-type-variable"},"yoast_head":"<!-- This site is optimized with the Yoast SEO plugin v27.3 - https:\/\/yoast.com\/product\/yoast-seo-wordpress\/ -->\n<title>B\u0103ng \u1ed1ng tay th\u1ec3 thao Kona Edition UPF +100 - Mude Sports VN<\/title>\n<meta name=\"description\" content=\"B\u0103ng \u1ed0ng Tay Ch\u1ed1ng N\u1eafng - G\u0103ng C\u00e1nh Tay Ch\u1ea1y B\u1ed9\" \/>\n<meta name=\"robots\" content=\"noindex, nofollow\" \/>\n<meta property=\"og:locale\" content=\"vi_VN\" \/>\n<meta property=\"og:type\" content=\"article\" \/>\n<meta property=\"og:title\" content=\"B\u0103ng \u1ed1ng tay th\u1ec3 thao Kona Edition UPF +100 - Mude Sports VN\" \/>\n<meta property=\"og:description\" content=\"B\u0103ng \u1ed0ng Tay Ch\u1ed1ng N\u1eafng - G\u0103ng C\u00e1nh Tay Ch\u1ea1y B\u1ed9\" \/>\n<meta property=\"og:url\" content=\"https:\/\/www.mude-sports.com\/vi\/shop\/bang-ong-tay-the-thao-kona-edition-upf-100\/\" \/>\n<meta property=\"og:site_name\" content=\"Mude Sports VN\" \/>\n<meta property=\"article:modified_time\" content=\"2024-01-18T07:06:48+00:00\" \/>\n<meta name=\"twitter:card\" content=\"summary_large_image\" \/>\n<meta name=\"twitter:label1\" content=\"Est. reading time\" \/>\n\t<meta name=\"twitter:data1\" content=\"1 minute\" \/>\n<script type=\"application\/ld+json\" class=\"yoast-schema-graph\">{\"@context\":\"https:\\\/\\\/schema.org\",\"@graph\":[{\"@type\":\"WebPage\",\"@id\":\"https:\\\/\\\/www.mude-sports.com\\\/vi\\\/shop\\\/bang-ong-tay-the-thao-kona-edition-upf-100\\\/\",\"url\":\"https:\\\/\\\/www.mude-sports.com\\\/vi\\\/shop\\\/bang-ong-tay-the-thao-kona-edition-upf-100\\\/\",\"name\":\"B\u0103ng \u1ed1ng tay th\u1ec3 thao Kona Edition UPF +100 - Mude Sports VN\",\"isPartOf\":{\"@id\":\"https:\\\/\\\/www.mude-sports.com\\\/vi\\\/#website\"},\"primaryImageOfPage\":{\"@id\":\"https:\\\/\\\/www.mude-sports.com\\\/vi\\\/shop\\\/bang-ong-tay-the-thao-kona-edition-upf-100\\\/#primaryimage\"},\"image\":{\"@id\":\"https:\\\/\\\/www.mude-sports.com\\\/vi\\\/shop\\\/bang-ong-tay-the-thao-kona-edition-upf-100\\\/#primaryimage\"},\"thumbnailUrl\":\"https:\\\/\\\/www.mude-sports.com\\\/wp-content\\\/uploads\\\/2022\\\/05\\\/z3385828611142_2a31cbf15141982f79774716b73bd8e0.jpg\",\"datePublished\":\"2022-05-03T05:02:26+00:00\",\"dateModified\":\"2024-01-18T07:06:48+00:00\",\"description\":\"B\u0103ng \u1ed0ng Tay Ch\u1ed1ng N\u1eafng - G\u0103ng C\u00e1nh Tay Ch\u1ea1y B\u1ed9\",\"breadcrumb\":{\"@id\":\"https:\\\/\\\/www.mude-sports.com\\\/vi\\\/shop\\\/bang-ong-tay-the-thao-kona-edition-upf-100\\\/#breadcrumb\"},\"inLanguage\":\"vi-VN\",\"potentialAction\":[{\"@type\":\"ReadAction\",\"target\":[\"https:\\\/\\\/www.mude-sports.com\\\/vi\\\/shop\\\/bang-ong-tay-the-thao-kona-edition-upf-100\\\/\"]}]},{\"@type\":\"ImageObject\",\"inLanguage\":\"vi-VN\",\"@id\":\"https:\\\/\\\/www.mude-sports.com\\\/vi\\\/shop\\\/bang-ong-tay-the-thao-kona-edition-upf-100\\\/#primaryimage\",\"url\":\"https:\\\/\\\/www.mude-sports.com\\\/wp-content\\\/uploads\\\/2022\\\/05\\\/z3385828611142_2a31cbf15141982f79774716b73bd8e0.jpg\",\"contentUrl\":\"https:\\\/\\\/www.mude-sports.com\\\/wp-content\\\/uploads\\\/2022\\\/05\\\/z3385828611142_2a31cbf15141982f79774716b73bd8e0.jpg\",\"width\":1400,\"height\":1400},{\"@type\":\"BreadcrumbList\",\"@id\":\"https:\\\/\\\/www.mude-sports.com\\\/vi\\\/shop\\\/bang-ong-tay-the-thao-kona-edition-upf-100\\\/#breadcrumb\",\"itemListElement\":[{\"@type\":\"ListItem\",\"position\":1,\"name\":\"Home\",\"item\":\"https:\\\/\\\/www.mude-sports.com\\\/\"},{\"@type\":\"ListItem\",\"position\":2,\"name\":\"Shop\",\"item\":\"https:\\\/\\\/www.mude-sports.com\\\/shop\\\/\"},{\"@type\":\"ListItem\",\"position\":3,\"name\":\"B\u0103ng \u1ed1ng tay th\u1ec3 thao Kona Edition UPF +100\"}]},{\"@type\":\"WebSite\",\"@id\":\"https:\\\/\\\/www.mude-sports.com\\\/vi\\\/#website\",\"url\":\"https:\\\/\\\/www.mude-sports.com\\\/vi\\\/\",\"name\":\"Mude Sports VN\",\"description\":\"Sustainable High Performance Sportswear\",\"potentialAction\":[{\"@type\":\"SearchAction\",\"target\":{\"@type\":\"EntryPoint\",\"urlTemplate\":\"https:\\\/\\\/www.mude-sports.com\\\/vi\\\/?s={search_term_string}\"},\"query-input\":{\"@type\":\"PropertyValueSpecification\",\"valueRequired\":true,\"valueName\":\"search_term_string\"}}],\"inLanguage\":\"vi-VN\"}]}<\/script>\n<!-- \/ Yoast SEO plugin. -->","yoast_head_json":{"title":"B\u0103ng \u1ed1ng tay th\u1ec3 thao Kona Edition UPF +100 - Mude Sports VN","description":"B\u0103ng \u1ed0ng Tay Ch\u1ed1ng N\u1eafng - G\u0103ng C\u00e1nh Tay Ch\u1ea1y B\u1ed9","robots":{"index":"noindex","follow":"nofollow"},"og_locale":"vi_VN","og_type":"article","og_title":"B\u0103ng \u1ed1ng tay th\u1ec3 thao Kona Edition UPF +100 - Mude Sports VN","og_description":"B\u0103ng \u1ed0ng Tay Ch\u1ed1ng N\u1eafng - G\u0103ng C\u00e1nh Tay Ch\u1ea1y B\u1ed9","og_url":"https:\/\/www.mude-sports.com\/vi\/shop\/bang-ong-tay-the-thao-kona-edition-upf-100\/","og_site_name":"Mude Sports VN","article_modified_time":"2024-01-18T07:06:48+00:00","twitter_card":"summary_large_image","twitter_misc":{"Est. reading time":"1 minute"},"schema":{"@context":"https:\/\/schema.org","@graph":[{"@type":"WebPage","@id":"https:\/\/www.mude-sports.com\/vi\/shop\/bang-ong-tay-the-thao-kona-edition-upf-100\/","url":"https:\/\/www.mude-sports.com\/vi\/shop\/bang-ong-tay-the-thao-kona-edition-upf-100\/","name":"B\u0103ng \u1ed1ng tay th\u1ec3 thao Kona Edition UPF +100 - Mude Sports VN","isPartOf":{"@id":"https:\/\/www.mude-sports.com\/vi\/#website"},"primaryImageOfPage":{"@id":"https:\/\/www.mude-sports.com\/vi\/shop\/bang-ong-tay-the-thao-kona-edition-upf-100\/#primaryimage"},"image":{"@id":"https:\/\/www.mude-sports.com\/vi\/shop\/bang-ong-tay-the-thao-kona-edition-upf-100\/#primaryimage"},"thumbnailUrl":"https:\/\/www.mude-sports.com\/wp-content\/uploads\/2022\/05\/z3385828611142_2a31cbf15141982f79774716b73bd8e0.jpg","datePublished":"2022-05-03T05:02:26+00:00","dateModified":"2024-01-18T07:06:48+00:00","description":"B\u0103ng \u1ed0ng Tay Ch\u1ed1ng N\u1eafng - G\u0103ng C\u00e1nh Tay Ch\u1ea1y B\u1ed9","breadcrumb":{"@id":"https:\/\/www.mude-sports.com\/vi\/shop\/bang-ong-tay-the-thao-kona-edition-upf-100\/#breadcrumb"},"inLanguage":"vi-VN","potentialAction":[{"@type":"ReadAction","target":["https:\/\/www.mude-sports.com\/vi\/shop\/bang-ong-tay-the-thao-kona-edition-upf-100\/"]}]},{"@type":"ImageObject","inLanguage":"vi-VN","@id":"https:\/\/www.mude-sports.com\/vi\/shop\/bang-ong-tay-the-thao-kona-edition-upf-100\/#primaryimage","url":"https:\/\/www.mude-sports.com\/wp-content\/uploads\/2022\/05\/z3385828611142_2a31cbf15141982f79774716b73bd8e0.jpg","contentUrl":"https:\/\/www.mude-sports.com\/wp-content\/uploads\/2022\/05\/z3385828611142_2a31cbf15141982f79774716b73bd8e0.jpg","width":1400,"height":1400},{"@type":"BreadcrumbList","@id":"https:\/\/www.mude-sports.com\/vi\/shop\/bang-ong-tay-the-thao-kona-edition-upf-100\/#breadcrumb","itemListElement":[{"@type":"ListItem","position":1,"name":"Home","item":"https:\/\/www.mude-sports.com\/"},{"@type":"ListItem","position":2,"name":"Shop","item":"https:\/\/www.mude-sports.com\/shop\/"},{"@type":"ListItem","position":3,"name":"B\u0103ng \u1ed1ng tay th\u1ec3 thao Kona Edition UPF +100"}]},{"@type":"WebSite","@id":"https:\/\/www.mude-sports.com\/vi\/#website","url":"https:\/\/www.mude-sports.com\/vi\/","name":"Mude Sports VN","description":"Sustainable High Performance Sportswear","potentialAction":[{"@type":"SearchAction","target":{"@type":"EntryPoint","urlTemplate":"https:\/\/www.mude-sports.com\/vi\/?s={search_term_string}"},"query-input":{"@type":"PropertyValueSpecification","valueRequired":true,"valueName":"search_term_string"}}],"inLanguage":"vi-VN"}]}},"_links":{"self":[{"href":"https:\/\/www.mude-sports.com\/vi\/wp-json\/wp\/v2\/product\/35818","targetHints":{"allow":["GET"]}}],"collection":[{"href":"https:\/\/www.mude-sports.com\/vi\/wp-json\/wp\/v2\/product"}],"about":[{"href":"https:\/\/www.mude-sports.com\/vi\/wp-json\/wp\/v2\/types\/product"}],"version-history":[{"count":4,"href":"https:\/\/www.mude-sports.com\/vi\/wp-json\/wp\/v2\/product\/35818\/revisions"}],"predecessor-version":[{"id":36689,"href":"https:\/\/www.mude-sports.com\/vi\/wp-json\/wp\/v2\/product\/35818\/revisions\/36689"}],"wp:featuredmedia":[{"embeddable":true,"href":"https:\/\/www.mude-sports.com\/vi\/wp-json\/wp\/v2\/media\/35841"}],"wp:attachment":[{"href":"https:\/\/www.mude-sports.com\/vi\/wp-json\/wp\/v2\/media?parent=35818"}],"wp:term":[{"taxonomy":"product_brand","embeddable":true,"href":"https:\/\/www.mude-sports.com\/vi\/wp-json\/wp\/v2\/product_brand?post=35818"},{"taxonomy":"product_cat","embeddable":true,"href":"https:\/\/www.mude-sports.com\/vi\/wp-json\/wp\/v2\/product_cat?post=35818"},{"taxonomy":"product_tag","embeddable":true,"href":"https:\/\/www.mude-sports.com\/vi\/wp-json\/wp\/v2\/product_tag?post=35818"}],"curies":[{"name":"wp","href":"https:\/\/api.w.org\/{rel}","templated":true}]}}