{"id":74540,"date":"2023-11-05T16:07:47","date_gmt":"2023-11-05T09:07:47","guid":{"rendered":"https:\/\/www.mude-sports.com\/?post_type=product&#038;p=74540"},"modified":"2026-03-27T13:24:10","modified_gmt":"2026-03-27T06:24:10","slug":"bo-trisuit-nu-performance-2-halogen","status":"publish","type":"product","link":"https:\/\/www.mude-sports.com\/vi\/shop\/bo-trisuit-nu-performance-2-halogen\/","title":{"rendered":"B\u1ed9 Trisuit N\u1eef Performance-2 Halogen"},"content":{"rendered":"<p>M\u1ed9t b\u01b0\u1edbc ngo\u1eb7t cho c\u00e1c v\u1eadn \u0111\u1ed9ng vi\u00ean th\u1ec3 thao ba m\u00f4n ph\u1ed1i h\u1ee3p trong c\u00e1c cu\u1ed9c \u0111ua n\u1eeda ch\u1eb7n v\u00e0 \u0111\u01b0\u1eddng d\u00e0i. \u0110\u01b0\u1ee3c ch\u1ebf t\u1ea1o v\u1edbi n\u0103m lo\u1ea1i v\u1ea3i ti\u00ean ti\u1ebfn, gi\u00fap t\u0103ng t\u1ed1c \u0111\u1ed9, t\u00ednh linh ho\u1ea1t v\u00e0 \u0111\u1ea3m b\u1ea3o s\u1ef1 ch\u1eafc ch\u1eafn v\u1edbi 77% v\u1eadt li\u1ec7u t\u00e1i ch\u1ebf sau ti\u00eau d\u00f9ng. C\u1ea3m nh\u1eadn s\u1ef1 h\u1ed7 tr\u1ee3 t\u1ed1t nh\u1ea5t v\u1ec1 kh\u00ed \u0111\u1ed9ng h\u1ecdc, \u0111\u1eb7c bi\u1ec7t l\u00e0 trong qu\u00e1 tr\u00ecnh \u0111\u1ea1p xe, \u0111\u1ec3 gi\u1eef b\u1ea1n tho\u1ea3i m\u00e1i v\u00e0 m\u00e1t m\u1ebb trong qu\u00e1 tr\u00ecnh ch\u1ea1y.<br \/>\nPh\u1ea7n d\u01b0\u1edbi c\u1ee7a b\u1ed9 \u0111\u1ed3 l\u00e0 ch\u1ea5t li\u1ec7u ECLA+ RECYCLE \u0111\u1ed3ng th\u1eddi d\u1ea7n d\u1ea7n t\u1ea1o th\u00e0nh ph\u1ea7n th\u00e2n tr\u00ean si\u00eau m\u1ecfng v\u1edbi c\u00e1c s\u1ee3i d\u1ec7t kim CARBON RECYCLE \u0111\u1ea3m b\u1ea3o c\u1ea3m gi\u00e1c nh\u1eb9 nh\u01b0 l\u00f4ng v\u0169 v\u00e0 kh\u1ea3 n\u0103ng h\u00fat \u1ea9m \u0111\u1ec3 gi\u1eef kh\u00f4 r\u00e1o khi ch\u1ea1y.<br \/>\nV\u1ea3i SKIN \u0111\u01b0\u1ee3c b\u1ed1 tr\u00ed chi\u1ebfn l\u01b0\u1ee3c tr\u00ean tay \u00e1o gi\u00fap gi\u1ea3m l\u1ef1c c\u1ea3n, ho\u1ea1t \u0111\u1ed9ng nh\u01b0 m\u1ed9t l\u1edbp da th\u1ee9 hai, m\u00e0 kh\u00f4ng c\u1ea7n b\u1ea5t k\u1ef3 l\u1edbp silicon n\u00e0o. V\u1edbi ph\u1ea7n tay \u00e1o d\u00e0i \u0111\u1ebfn khu\u1ef7 tay v\u00e0 ph\u1ea7n ch\u00e2n d\u00e0i \u0111\u1ebfn \u0111\u1ea7u g\u1ed1i, b\u1ed9 Trisuit n\u00e0y h\u1ed7 tr\u1ee3 c\u1ea3i thi\u1ec7n \u0111\u1ed9 \u0111\u1ed9ng h\u1ecdc trong n\u01b0\u1edbc.<br \/>\nNgo\u00e0i ra c\u00f2n c\u00f3 c\u00e1c \u0111\u01b0\u1eddng may ph\u1eb3ng gi\u00fap lo\u1ea1i b\u1ecf s\u1ef1 c\u1ecd x\u00e1t v\u00e0 c\u00e1c t\u00fai xung quanh khu v\u1ef1c th\u1eaft l\u01b0ng trong PAN MESH gi\u1eef cho ph\u1ea7n sau kh\u00f4ng b\u1ecb r\u1ed9ng th\u00f9ng th\u00ecnh \u1edf t\u1ea5t c\u1ea3 c\u00e1c b\u1ed9 m\u00f4n. Ch\u00fang t\u00f4i \u0111\u00e3 th\u00eam hai t\u00fai b\u00ean trong \u1edf m\u1eb7t tr\u01b0\u1edbc b\u1ed9 \u0111\u1ed3 \u0111\u1ec3 \u0111\u1ef1ng th\u00eam dinh d\u01b0\u1ee1ng ho\u1eb7c \u0111\u00e1 nh\u1eb1m gi\u00fap h\u1ea1 nhi\u1ec7t \u0111\u1ed9 c\u01a1 th\u1ec3, \u0111\u1eb7c bi\u1ec7t l\u00e0 trong \u0111i\u1ec1u ki\u1ec7n th\u1eddi ti\u1ebft \u1ea9m \u01b0\u1edbt.<\/p>\n<p>\u0110\u1ec7m chamois TD-7020: si\u00eau m\u1ecfng, nh\u1eb9 v\u00e0 \u0111\u01b0\u1ee3c thi\u1ebft k\u1ebf cho c\u00e1c cu\u1ed9c \u0111ua ba m\u00f4n ph\u1ed1i h\u1ee3p hi\u1ec7n \u0111\u1ea1i. Mang l\u1ea1i s\u1ef1 tho\u1ea3i m\u00e1i \u0111\u00e1ng k\u1ec3 \u1edf c\u00e1c v\u00f9ng quan tr\u1ecdng, \u0111\u1eb7c bi\u1ec7t l\u00e0 \u1edf c\u00e1c v\u1ecb tr\u00ed c\u1ea7n s\u1ef1 tho\u00e1ng kh\u00ed v\u00e0 b\u1ec1 m\u1eb7t l\u01b0\u1edbi gi\u00fap kh\u00f4 nhanh, mang l\u1ea1i s\u1ef1 \u00eam \u00e1i khi ch\u1ea1y m\u00e0 kh\u00f4ng g\u00e2y m\u00f9i sau s\u1eed d\u1ee5ng l\u00e2u d\u00e0i.<br \/>\nIn nhi\u1ec7t v\u1edbi m\u00e0u s\u1eafc s\u1ed1ng \u0111\u1ed9ng v\u00e0 kh\u00f4ng phai m\u1edd theo th\u1eddi gian. T\u1ea5t c\u1ea3 m\u1ef1c in \u0111\u01b0\u1ee3c s\u1eed d\u1ee5ng trong qu\u00e1 tr\u00ecnh s\u1ea3n xu\u1ea5t \u0111\u1ec1u th\u00e2n thi\u1ec7n v\u1edbi m\u00f4i tr\u01b0\u1eddng,m\u00e0u s\u1eafc v\u00e0 h\u1ecda ti\u1ebft m\u1edbi nh\u1ea5t c\u1ee7a ch\u00fang t\u00f4i t\u1ea1o n\u00ean s\u1ef1 ch\u00fa \u00fd trong cu\u1ed9c \u0111ua h\u1ea1ng A c\u1ee7a b\u1ea1n.<\/p>\n<p><strong>Ch\u1ea5t li\u1ec7u v\u1ea3i:<\/strong><\/p>\n<ul>\n<li>ECLA+: 4 chi\u1ec1u co gi\u00e3n, 77% Polyester t\u00e1i ch\u1ebf \/ 23% Spandex<\/li>\n<li>FLEX: Ki\u1ec3m so\u00e1t \u0111\u00e0n h\u1ed3i 2 chi\u1ec1u 88% Polyester \/ 12% Spandex<\/li>\n<li>ECLA+ DYE: 4 chi\u1ec1u co gi\u00e3n, 77% Polyester t\u00e1i ch\u1ebf \/ 23% Spandex<\/li>\n<li>CARBON RECYCLED: Si\u00eau nh\u1eb9 100% Polyester Microfibre t\u00e1i ch\u1ebf<\/li>\n<li>MESH: 100% Polyester<\/li>\n<li>SKIN: Si\u00eau nh\u1eb9 4 chi\u1ec1u co gi\u00e3n, 88% Polyester t\u00e1i ch\u1ebf \/ 12% Spandex<\/li>\n<li>Chamois: TD-7020<\/li>\n<\/ul>\n<p><strong>T\u00ednh n\u0103ng:<\/strong><\/p>\n<ul>\n<li>C\u00f4ng ngh\u1ec7 Dry-Cool Tech<\/li>\n<li>X\u1eed l\u00fd kh\u00e1ng khu\u1ea9n<\/li>\n<li>Ch\u1ed1ng tia UV UPF50<\/li>\n<li>T\u00fai l\u01b0\u1edbi ph\u00eda sau v\u00e0 t\u00fai trong ph\u00eda tr\u01b0\u1edbc<\/li>\n<li>In chuy\u1ec3n nhi\u1ec7t s\u1eafc n\u00e9t<\/li>\n<\/ul>\n","protected":false},"excerpt":{"rendered":"<p>N\u00e2ng t\u1ea7m tho\u1ea3i m\u00e1i v\u00e0 b\u1ed9 \u0111\u1ed3 Trisuit si\u00eau th\u00e2n thi\u1ec7n v\u1edbi m\u00f4i tr\u01b0\u1eddng v\u1edbi m\u00e0u s\u1eafc v\u00e0 ho\u1ea1 ti\u1ebft m\u1edbi, \u0111\u1ecbnh h\u00ecnh phong c\u00e1ch cho c\u00e1c v\u1eadn \u0111\u1ed9ng vi\u00ean h\u01b0\u1edbng t\u1edbi \u0111\u00edch v\u00e0 t\u1eadn h\u01b0\u1edfng cu\u1ed9c h\u00e0nh tr\u00ecnh.<\/p>\n","protected":false},"featured_media":74555,"template":"","meta":[],"product_brand":[],"product_cat":[92],"product_tag":[852],"class_list":{"0":"post-74540","1":"product","2":"type-product","3":"status-publish","4":"has-post-thumbnail","6":"product_cat-ba-mon-phoi-hop","7":"product_tag-discontinued","9":"first","10":"outofstock","11":"taxable","12":"shipping-taxable","13":"product-type-variable"},"yoast_head":"<!-- This site is optimized with the Yoast SEO plugin v27.3 - https:\/\/yoast.com\/product\/yoast-seo-wordpress\/ -->\n<title>B\u1ed9 Trisuit N\u1eef Performance-2 Halogen - Mude Sports VN<\/title>\n<meta name=\"description\" content=\"Trisuit N\u1eef Ch\u01a1i Ba M\u00f4n Ph\u1ed1i H\u1ee3p\" \/>\n<meta name=\"robots\" content=\"noindex, nofollow\" \/>\n<meta property=\"og:locale\" content=\"vi_VN\" \/>\n<meta property=\"og:type\" content=\"article\" \/>\n<meta property=\"og:title\" content=\"B\u1ed9 Trisuit N\u1eef Performance-2 Halogen - Mude Sports VN\" \/>\n<meta property=\"og:description\" content=\"Trisuit N\u1eef Ch\u01a1i Ba M\u00f4n Ph\u1ed1i H\u1ee3p\" \/>\n<meta property=\"og:url\" content=\"https:\/\/www.mude-sports.com\/vi\/cat\/ba-mon-phoi-hop\/\" \/>\n<meta property=\"og:site_name\" content=\"Mude Sports VN\" \/>\n<meta property=\"article:modified_time\" content=\"2026-03-27T06:24:10+00:00\" \/>\n<meta property=\"og:image\" content=\"https:\/\/www.mude-sports.com\/wp-content\/uploads\/2023\/10\/Product-14820.jpg\" \/>\n\t<meta property=\"og:image:width\" content=\"1400\" \/>\n\t<meta property=\"og:image:height\" content=\"1400\" \/>\n\t<meta property=\"og:image:type\" content=\"image\/jpeg\" \/>\n<meta name=\"twitter:card\" content=\"summary_large_image\" \/>\n<meta name=\"twitter:label1\" content=\"Est. reading time\" \/>\n\t<meta name=\"twitter:data1\" content=\"3 minutes\" \/>\n<script type=\"application\/ld+json\" class=\"yoast-schema-graph\">{\"@context\":\"https:\\\/\\\/schema.org\",\"@graph\":[{\"@type\":\"WebPage\",\"@id\":\"https:\\\/\\\/www.mude-sports.com\\\/vi\\\/shop\\\/bo-trisuit-nu-performance-2-halogen\\\/\",\"url\":\"https:\\\/\\\/www.mude-sports.com\\\/vi\\\/cat\\\/ba-mon-phoi-hop\\\/\",\"name\":\"B\u1ed9 Trisuit N\u1eef Performance-2 Halogen - Mude Sports VN\",\"isPartOf\":{\"@id\":\"https:\\\/\\\/www.mude-sports.com\\\/vi\\\/#website\"},\"primaryImageOfPage\":{\"@id\":\"https:\\\/\\\/www.mude-sports.com\\\/vi\\\/cat\\\/ba-mon-phoi-hop\\\/#primaryimage\"},\"image\":{\"@id\":\"https:\\\/\\\/www.mude-sports.com\\\/vi\\\/cat\\\/ba-mon-phoi-hop\\\/#primaryimage\"},\"thumbnailUrl\":\"https:\\\/\\\/www.mude-sports.com\\\/wp-content\\\/uploads\\\/2023\\\/10\\\/Product-14820.jpg\",\"datePublished\":\"2023-11-05T09:07:47+00:00\",\"dateModified\":\"2026-03-27T06:24:10+00:00\",\"description\":\"Trisuit N\u1eef Ch\u01a1i Ba M\u00f4n Ph\u1ed1i H\u1ee3p\",\"breadcrumb\":{\"@id\":\"https:\\\/\\\/www.mude-sports.com\\\/vi\\\/cat\\\/ba-mon-phoi-hop\\\/#breadcrumb\"},\"inLanguage\":\"vi-VN\",\"potentialAction\":[{\"@type\":\"ReadAction\",\"target\":[\"https:\\\/\\\/www.mude-sports.com\\\/vi\\\/cat\\\/ba-mon-phoi-hop\\\/\"]}]},{\"@type\":\"ImageObject\",\"inLanguage\":\"vi-VN\",\"@id\":\"https:\\\/\\\/www.mude-sports.com\\\/vi\\\/cat\\\/ba-mon-phoi-hop\\\/#primaryimage\",\"url\":\"https:\\\/\\\/www.mude-sports.com\\\/wp-content\\\/uploads\\\/2023\\\/10\\\/Product-14820.jpg\",\"contentUrl\":\"https:\\\/\\\/www.mude-sports.com\\\/wp-content\\\/uploads\\\/2023\\\/10\\\/Product-14820.jpg\",\"width\":1400,\"height\":1400},{\"@type\":\"BreadcrumbList\",\"@id\":\"https:\\\/\\\/www.mude-sports.com\\\/vi\\\/cat\\\/ba-mon-phoi-hop\\\/#breadcrumb\",\"itemListElement\":[{\"@type\":\"ListItem\",\"position\":1,\"name\":\"Home\",\"item\":\"https:\\\/\\\/www.mude-sports.com\\\/\"},{\"@type\":\"ListItem\",\"position\":2,\"name\":\"Shop\",\"item\":\"https:\\\/\\\/www.mude-sports.com\\\/shop\\\/\"},{\"@type\":\"ListItem\",\"position\":3,\"name\":\"B\u1ed9 Trisuit N\u1eef Performance-2 Halogen\"}]},{\"@type\":\"WebSite\",\"@id\":\"https:\\\/\\\/www.mude-sports.com\\\/vi\\\/#website\",\"url\":\"https:\\\/\\\/www.mude-sports.com\\\/vi\\\/\",\"name\":\"Mude Sports VN\",\"description\":\"Sustainable High Performance Sportswear\",\"potentialAction\":[{\"@type\":\"SearchAction\",\"target\":{\"@type\":\"EntryPoint\",\"urlTemplate\":\"https:\\\/\\\/www.mude-sports.com\\\/vi\\\/?s={search_term_string}\"},\"query-input\":{\"@type\":\"PropertyValueSpecification\",\"valueRequired\":true,\"valueName\":\"search_term_string\"}}],\"inLanguage\":\"vi-VN\"}]}<\/script>\n<!-- \/ Yoast SEO plugin. -->","yoast_head_json":{"title":"B\u1ed9 Trisuit N\u1eef Performance-2 Halogen - Mude Sports VN","description":"Trisuit N\u1eef Ch\u01a1i Ba M\u00f4n Ph\u1ed1i H\u1ee3p","robots":{"index":"noindex","follow":"nofollow"},"og_locale":"vi_VN","og_type":"article","og_title":"B\u1ed9 Trisuit N\u1eef Performance-2 Halogen - Mude Sports VN","og_description":"Trisuit N\u1eef Ch\u01a1i Ba M\u00f4n Ph\u1ed1i H\u1ee3p","og_url":"https:\/\/www.mude-sports.com\/vi\/cat\/ba-mon-phoi-hop\/","og_site_name":"Mude Sports VN","article_modified_time":"2026-03-27T06:24:10+00:00","og_image":[{"width":1400,"height":1400,"url":"https:\/\/www.mude-sports.com\/wp-content\/uploads\/2023\/10\/Product-14820.jpg","type":"image\/jpeg"}],"twitter_card":"summary_large_image","twitter_misc":{"Est. reading time":"3 minutes"},"schema":{"@context":"https:\/\/schema.org","@graph":[{"@type":"WebPage","@id":"https:\/\/www.mude-sports.com\/vi\/shop\/bo-trisuit-nu-performance-2-halogen\/","url":"https:\/\/www.mude-sports.com\/vi\/cat\/ba-mon-phoi-hop\/","name":"B\u1ed9 Trisuit N\u1eef Performance-2 Halogen - Mude Sports VN","isPartOf":{"@id":"https:\/\/www.mude-sports.com\/vi\/#website"},"primaryImageOfPage":{"@id":"https:\/\/www.mude-sports.com\/vi\/cat\/ba-mon-phoi-hop\/#primaryimage"},"image":{"@id":"https:\/\/www.mude-sports.com\/vi\/cat\/ba-mon-phoi-hop\/#primaryimage"},"thumbnailUrl":"https:\/\/www.mude-sports.com\/wp-content\/uploads\/2023\/10\/Product-14820.jpg","datePublished":"2023-11-05T09:07:47+00:00","dateModified":"2026-03-27T06:24:10+00:00","description":"Trisuit N\u1eef Ch\u01a1i Ba M\u00f4n Ph\u1ed1i H\u1ee3p","breadcrumb":{"@id":"https:\/\/www.mude-sports.com\/vi\/cat\/ba-mon-phoi-hop\/#breadcrumb"},"inLanguage":"vi-VN","potentialAction":[{"@type":"ReadAction","target":["https:\/\/www.mude-sports.com\/vi\/cat\/ba-mon-phoi-hop\/"]}]},{"@type":"ImageObject","inLanguage":"vi-VN","@id":"https:\/\/www.mude-sports.com\/vi\/cat\/ba-mon-phoi-hop\/#primaryimage","url":"https:\/\/www.mude-sports.com\/wp-content\/uploads\/2023\/10\/Product-14820.jpg","contentUrl":"https:\/\/www.mude-sports.com\/wp-content\/uploads\/2023\/10\/Product-14820.jpg","width":1400,"height":1400},{"@type":"BreadcrumbList","@id":"https:\/\/www.mude-sports.com\/vi\/cat\/ba-mon-phoi-hop\/#breadcrumb","itemListElement":[{"@type":"ListItem","position":1,"name":"Home","item":"https:\/\/www.mude-sports.com\/"},{"@type":"ListItem","position":2,"name":"Shop","item":"https:\/\/www.mude-sports.com\/shop\/"},{"@type":"ListItem","position":3,"name":"B\u1ed9 Trisuit N\u1eef Performance-2 Halogen"}]},{"@type":"WebSite","@id":"https:\/\/www.mude-sports.com\/vi\/#website","url":"https:\/\/www.mude-sports.com\/vi\/","name":"Mude Sports VN","description":"Sustainable High Performance Sportswear","potentialAction":[{"@type":"SearchAction","target":{"@type":"EntryPoint","urlTemplate":"https:\/\/www.mude-sports.com\/vi\/?s={search_term_string}"},"query-input":{"@type":"PropertyValueSpecification","valueRequired":true,"valueName":"search_term_string"}}],"inLanguage":"vi-VN"}]}},"_links":{"self":[{"href":"https:\/\/www.mude-sports.com\/vi\/wp-json\/wp\/v2\/product\/74540","targetHints":{"allow":["GET"]}}],"collection":[{"href":"https:\/\/www.mude-sports.com\/vi\/wp-json\/wp\/v2\/product"}],"about":[{"href":"https:\/\/www.mude-sports.com\/vi\/wp-json\/wp\/v2\/types\/product"}],"version-history":[{"count":1,"href":"https:\/\/www.mude-sports.com\/vi\/wp-json\/wp\/v2\/product\/74540\/revisions"}],"predecessor-version":[{"id":74564,"href":"https:\/\/www.mude-sports.com\/vi\/wp-json\/wp\/v2\/product\/74540\/revisions\/74564"}],"wp:featuredmedia":[{"embeddable":true,"href":"https:\/\/www.mude-sports.com\/vi\/wp-json\/wp\/v2\/media\/74555"}],"wp:attachment":[{"href":"https:\/\/www.mude-sports.com\/vi\/wp-json\/wp\/v2\/media?parent=74540"}],"wp:term":[{"taxonomy":"product_brand","embeddable":true,"href":"https:\/\/www.mude-sports.com\/vi\/wp-json\/wp\/v2\/product_brand?post=74540"},{"taxonomy":"product_cat","embeddable":true,"href":"https:\/\/www.mude-sports.com\/vi\/wp-json\/wp\/v2\/product_cat?post=74540"},{"taxonomy":"product_tag","embeddable":true,"href":"https:\/\/www.mude-sports.com\/vi\/wp-json\/wp\/v2\/product_tag?post=74540"}],"curies":[{"name":"wp","href":"https:\/\/api.w.org\/{rel}","templated":true}]}}